{"id":113,"date":"2020-04-04T16:36:26","date_gmt":"2020-04-04T16:36:26","guid":{"rendered":"http:\/\/herzberg-art.de\/?page_id=113"},"modified":"2024-07-20T11:41:42","modified_gmt":"2024-07-20T11:41:42","slug":"wildblumen","status":"publish","type":"page","link":"https:\/\/herzberg-art.de\/?page_id=113","title":{"rendered":"Sprayen"},"content":{"rendered":"\n<p>Mittlerweile liebe ich es nicht nur Leinw\u00e4nde zu bemalen und meine Fantasie freien Lauf zu lassen. Ich nehme ab jetzt Auftr\u00e4ge an zur Versch\u00f6nerung von kahlen W\u00e4nden. Ich spraye die Motive die Ihr euch aussucht. Egal ob Auftr\u00e4ge f\u00fcr St\u00e4dte, gro\u00dfe Firmen, Privat Personen oder auch Kinderzimmer ich freu mich \u00fcber jeden. Im nachfolgenden zeige ich euch ein paar meiner letzten Auftr\u00e4ge: <\/p>\n\n\n\n<figure class=\"wp-block-image size-large is-resized is-style-rounded\"><img loading=\"lazy\" decoding=\"async\" width=\"1024\" height=\"768\" src=\"https:\/\/herzberg-art.de\/wp-content\/uploads\/2024\/07\/00e12c3a-5471-4086-b951-1bbccdb3918e-1024x768.jpg\" alt=\"\" class=\"wp-image-974\" style=\"width:541px;height:auto\" srcset=\"https:\/\/herzberg-art.de\/wp-content\/uploads\/2024\/07\/00e12c3a-5471-4086-b951-1bbccdb3918e-1024x768.jpg 1024w, https:\/\/herzberg-art.de\/wp-content\/uploads\/2024\/07\/00e12c3a-5471-4086-b951-1bbccdb3918e-300x225.jpg 300w, https:\/\/herzberg-art.de\/wp-content\/uploads\/2024\/07\/00e12c3a-5471-4086-b951-1bbccdb3918e-768x576.jpg 768w, https:\/\/herzberg-art.de\/wp-content\/uploads\/2024\/07\/00e12c3a-5471-4086-b951-1bbccdb3918e-1536x1152.jpg 1536w, https:\/\/herzberg-art.de\/wp-content\/uploads\/2024\/07\/00e12c3a-5471-4086-b951-1bbccdb3918e-1140x855.jpg 1140w, https:\/\/herzberg-art.de\/wp-content\/uploads\/2024\/07\/00e12c3a-5471-4086-b951-1bbccdb3918e.jpg 1600w\" sizes=\"auto, (max-width: 1024px) 100vw, 1024px\" \/><\/figure>\n\n\n<div class=\"wp-block-image is-style-rounded\">\n<figure class=\"alignright size-large is-resized\"><img loading=\"lazy\" decoding=\"async\" width=\"1024\" height=\"768\" src=\"https:\/\/herzberg-art.de\/wp-content\/uploads\/2024\/07\/80eb7569-797c-4245-9533-8d1ba5675aa7-1024x768.jpg\" alt=\"\" class=\"wp-image-975\" style=\"width:588px;height:auto\" srcset=\"https:\/\/herzberg-art.de\/wp-content\/uploads\/2024\/07\/80eb7569-797c-4245-9533-8d1ba5675aa7-1024x768.jpg 1024w, https:\/\/herzberg-art.de\/wp-content\/uploads\/2024\/07\/80eb7569-797c-4245-9533-8d1ba5675aa7-300x225.jpg 300w, https:\/\/herzberg-art.de\/wp-content\/uploads\/2024\/07\/80eb7569-797c-4245-9533-8d1ba5675aa7-768x576.jpg 768w, https:\/\/herzberg-art.de\/wp-content\/uploads\/2024\/07\/80eb7569-797c-4245-9533-8d1ba5675aa7-1536x1152.jpg 1536w, https:\/\/herzberg-art.de\/wp-content\/uploads\/2024\/07\/80eb7569-797c-4245-9533-8d1ba5675aa7-1140x855.jpg 1140w, https:\/\/herzberg-art.de\/wp-content\/uploads\/2024\/07\/80eb7569-797c-4245-9533-8d1ba5675aa7.jpg 1600w\" sizes=\"auto, (max-width: 1024px) 100vw, 1024px\" \/><\/figure>\n<\/div>\n\n\n<figure class=\"wp-block-image size-large is-style-rounded\"><img loading=\"lazy\" decoding=\"async\" width=\"1024\" height=\"768\" src=\"https:\/\/herzberg-art.de\/wp-content\/uploads\/2024\/07\/09a1b382-3dd2-4832-b311-e4138f560310-1-1024x768.jpg\" alt=\"\" class=\"wp-image-977\" srcset=\"https:\/\/herzberg-art.de\/wp-content\/uploads\/2024\/07\/09a1b382-3dd2-4832-b311-e4138f560310-1-1024x768.jpg 1024w, https:\/\/herzberg-art.de\/wp-content\/uploads\/2024\/07\/09a1b382-3dd2-4832-b311-e4138f560310-1-300x225.jpg 300w, https:\/\/herzberg-art.de\/wp-content\/uploads\/2024\/07\/09a1b382-3dd2-4832-b311-e4138f560310-1-768x576.jpg 768w, https:\/\/herzberg-art.de\/wp-content\/uploads\/2024\/07\/09a1b382-3dd2-4832-b311-e4138f560310-1-1536x1152.jpg 1536w, https:\/\/herzberg-art.de\/wp-content\/uploads\/2024\/07\/09a1b382-3dd2-4832-b311-e4138f560310-1-1140x855.jpg 1140w, https:\/\/herzberg-art.de\/wp-content\/uploads\/2024\/07\/09a1b382-3dd2-4832-b311-e4138f560310-1.jpg 1600w\" sizes=\"auto, (max-width: 1024px) 100vw, 1024px\" \/><\/figure>\n\n\n\n<figure class=\"wp-block-image size-large is-style-rounded\"><img loading=\"lazy\" decoding=\"async\" width=\"1024\" height=\"768\" src=\"https:\/\/herzberg-art.de\/wp-content\/uploads\/2024\/07\/a5d8b9a7-3355-4860-8def-c78d413f5f9c-1024x768.jpg\" alt=\"\" class=\"wp-image-978\" srcset=\"https:\/\/herzberg-art.de\/wp-content\/uploads\/2024\/07\/a5d8b9a7-3355-4860-8def-c78d413f5f9c-1024x768.jpg 1024w, https:\/\/herzberg-art.de\/wp-content\/uploads\/2024\/07\/a5d8b9a7-3355-4860-8def-c78d413f5f9c-300x225.jpg 300w, https:\/\/herzberg-art.de\/wp-content\/uploads\/2024\/07\/a5d8b9a7-3355-4860-8def-c78d413f5f9c-768x576.jpg 768w, https:\/\/herzberg-art.de\/wp-content\/uploads\/2024\/07\/a5d8b9a7-3355-4860-8def-c78d413f5f9c-1536x1152.jpg 1536w, https:\/\/herzberg-art.de\/wp-content\/uploads\/2024\/07\/a5d8b9a7-3355-4860-8def-c78d413f5f9c-1140x855.jpg 1140w, https:\/\/herzberg-art.de\/wp-content\/uploads\/2024\/07\/a5d8b9a7-3355-4860-8def-c78d413f5f9c.jpg 1600w\" sizes=\"auto, (max-width: 1024px) 100vw, 1024px\" \/><\/figure>\n\n\n\n<figure class=\"wp-block-image size-large is-style-rounded\"><img loading=\"lazy\" decoding=\"async\" width=\"768\" height=\"1024\" src=\"https:\/\/herzberg-art.de\/wp-content\/uploads\/2024\/07\/979d92e2-06f8-4ad9-a596-3ab3096e53f7-768x1024.jpg\" alt=\"\" class=\"wp-image-979\" srcset=\"https:\/\/herzberg-art.de\/wp-content\/uploads\/2024\/07\/979d92e2-06f8-4ad9-a596-3ab3096e53f7-768x1024.jpg 768w, https:\/\/herzberg-art.de\/wp-content\/uploads\/2024\/07\/979d92e2-06f8-4ad9-a596-3ab3096e53f7-225x300.jpg 225w, https:\/\/herzberg-art.de\/wp-content\/uploads\/2024\/07\/979d92e2-06f8-4ad9-a596-3ab3096e53f7-1152x1536.jpg 1152w, https:\/\/herzberg-art.de\/wp-content\/uploads\/2024\/07\/979d92e2-06f8-4ad9-a596-3ab3096e53f7-1140x1520.jpg 1140w, https:\/\/herzberg-art.de\/wp-content\/uploads\/2024\/07\/979d92e2-06f8-4ad9-a596-3ab3096e53f7.jpg 1536w\" sizes=\"auto, (max-width: 768px) 100vw, 768px\" \/><\/figure>\n\n\n\n<figure class=\"wp-block-image size-large is-style-rounded\"><img loading=\"lazy\" decoding=\"async\" width=\"768\" height=\"1024\" src=\"https:\/\/herzberg-art.de\/wp-content\/uploads\/2024\/07\/IMG_4848-768x1024.jpg\" alt=\"\" class=\"wp-image-980\" srcset=\"https:\/\/herzberg-art.de\/wp-content\/uploads\/2024\/07\/IMG_4848-768x1024.jpg 768w, https:\/\/herzberg-art.de\/wp-content\/uploads\/2024\/07\/IMG_4848-225x300.jpg 225w, https:\/\/herzberg-art.de\/wp-content\/uploads\/2024\/07\/IMG_4848-1152x1536.jpg 1152w, https:\/\/herzberg-art.de\/wp-content\/uploads\/2024\/07\/IMG_4848-1536x2048.jpg 1536w, https:\/\/herzberg-art.de\/wp-content\/uploads\/2024\/07\/IMG_4848-1140x1520.jpg 1140w, https:\/\/herzberg-art.de\/wp-content\/uploads\/2024\/07\/IMG_4848-scaled.jpg 1920w\" sizes=\"auto, (max-width: 768px) 100vw, 768px\" \/><\/figure>\n","protected":false},"excerpt":{"rendered":"<p>Mittlerweile liebe ich es nicht nur Leinw\u00e4nde zu bemalen und meine Fantasie freien Lauf zu lassen. Ich nehme ab jetzt Auftr\u00e4ge an zur Versch\u00f6nerung von kahlen W\u00e4nden. Ich spraye die Motive die Ihr euch aussucht. Egal ob Auftr\u00e4ge f\u00fcr St\u00e4dte, gro\u00dfe Firmen, Privat Personen oder auch Kinderzimmer ich freu mich \u00fcber jeden. Im nachfolgenden zeige ich euch ein paar meiner letzten Auftr\u00e4ge:<\/p>\n","protected":false},"author":1,"featured_media":0,"parent":0,"menu_order":0,"comment_status":"closed","ping_status":"closed","template":"","meta":{"footnotes":""},"class_list":["post-113","page","type-page","status-publish","hentry"],"_links":{"self":[{"href":"https:\/\/herzberg-art.de\/index.php?rest_route=\/wp\/v2\/pages\/113","targetHints":{"allow":["GET"]}}],"collection":[{"href":"https:\/\/herzberg-art.de\/index.php?rest_route=\/wp\/v2\/pages"}],"about":[{"href":"https:\/\/herzberg-art.de\/index.php?rest_route=\/wp\/v2\/types\/page"}],"author":[{"embeddable":true,"href":"https:\/\/herzberg-art.de\/index.php?rest_route=\/wp\/v2\/users\/1"}],"replies":[{"embeddable":true,"href":"https:\/\/herzberg-art.de\/index.php?rest_route=%2Fwp%2Fv2%2Fcomments&post=113"}],"version-history":[{"count":5,"href":"https:\/\/herzberg-art.de\/index.php?rest_route=\/wp\/v2\/pages\/113\/revisions"}],"predecessor-version":[{"id":981,"href":"https:\/\/herzberg-art.de\/index.php?rest_route=\/wp\/v2\/pages\/113\/revisions\/981"}],"wp:attachment":[{"href":"https:\/\/herzberg-art.de\/index.php?rest_route=%2Fwp%2Fv2%2Fmedia&parent=113"}],"curies":[{"name":"wp","href":"https:\/\/api.w.org\/{rel}","templated":true}]}}