{"id":153,"date":"2020-04-04T18:09:23","date_gmt":"2020-04-04T18:09:23","guid":{"rendered":"http:\/\/herzberg-art.de\/?page_id=153"},"modified":"2024-08-20T18:26:25","modified_gmt":"2024-08-20T18:26:25","slug":"ueber-mich","status":"publish","type":"page","link":"https:\/\/herzberg-art.de\/?page_id=153","title":{"rendered":"Potrait"},"content":{"rendered":"\n<p>Ich bin viel gereist in meinem Leben und habe dabei verschiedene Arbeiten ausge\u00fcbt ob auf einer Baustelle, in Werkst\u00e4tten, in der Lagerlogistik, als K\u00fcchenchef oder auch als Restaurantleitung. Diese Arbeiten haben mich nie komplett erf\u00fcllt und mir immer mehr gezeigt, dass das nicht meine Bestimmung ist und mir nicht viel Freude bereitet.<\/p>\n\n\n\n<p>Die Kunst begleitet mich schon mein ganzes Leben lang, seit dem ich sechs Jahre alt bin habe ich gerne gemalt, in der Schule alles voll gekritzelt und als Teenager bin ich dann an die Graffiti Kunst geraten. Als ich mit 19 Jahren meine Heimatstadt verlie\u00df war ein Stift und ein Skizzenblock mein st\u00e4ndiger Begleiter. Ob ich unterwegs in den Schweizer Alpen, den Bergen in \u00d6sterreich oder in Spanien durch die Pyren\u00e4en war wurde alles skizziert und festgehalten. Wenn ich mich l\u00e4ngere Zeit an einem Ort aufhielt dann auch mit Leinw\u00e4nden und Acrylfarben. Als dann meine erste Tochter geboren wurde, fing es an das ich mich jeden Abend mit der Kunst auseinander setzte, ich wollte besser werden, genauer und hatte einfach riesen Spa\u00df meine Entwicklung zu sehen. Es bringt mich einfach runter meine Kreativit\u00e4t auszuleben, nach einem harten Arbeitstag. Ich hoffe ich konnte euch einen ersten Eindruck von mir verschaffen.  <\/p>\n\n\n\n<p><\/p>\n\n\n\n<p><\/p>\n\n\n\n<div class=\"wp-block-buttons is-layout-flex wp-block-buttons-is-layout-flex\">\n<div class=\"wp-block-button is-style-fill\"><a class=\"wp-block-button__link has-dark-gray-background-color has-background wp-element-button\" href=\"http:\/\/herzberg-art.de\/\" style=\"border-radius:27px\">zur\u00fcck<\/a><\/div>\n<\/div>\n\n\n\n<p><\/p>\n","protected":false},"excerpt":{"rendered":"<p>Ich bin viel gereist in meinem Leben und habe dabei verschiedene Arbeiten ausge\u00fcbt ob auf einer Baustelle, in Werkst\u00e4tten, in der Lagerlogistik, als K\u00fcchenchef oder auch als Restaurantleitung. Diese Arbeiten haben mich nie komplett erf\u00fcllt und mir immer mehr gezeigt, dass das nicht meine Bestimmung ist und mir nicht viel Freude bereitet. Die Kunst begleitet mich schon mein ganzes Leben lang, seit dem ich sechs Jahre alt bin habe ich gerne gemalt, in der Schule alles voll gekritzelt und als Teenager bin ich dann an die Graffiti Kunst geraten. Als ich mit 19 Jahren meine Heimatstadt verlie\u00df war ein Stift und ein Skizzenblock mein st\u00e4ndiger Begleiter. Ob ich unterwegs in den Schweizer Alpen, den Bergen in \u00d6sterreich oder in Spanien durch die Pyren\u00e4en war wurde alles skizziert und festgehalten. Wenn ich mich l\u00e4ngere Zeit an einem Ort aufhielt dann auch mit Leinw\u00e4nden und Acrylfarben. Als dann meine erste Tochter geboren wurde, fing es an das ich mich jeden Abend mit der Kunst auseinander setzte, ich wollte besser werden, genauer und hatte einfach riesen Spa\u00df meine Entwicklung zu sehen. Es bringt mich einfach runter meine Kreativit\u00e4t auszuleben, nach einem harten Arbeitstag. Ich hoffe ich konnte euch einen ersten Eindruck von mir verschaffen.<\/p>\n","protected":false},"author":1,"featured_media":0,"parent":0,"menu_order":0,"comment_status":"closed","ping_status":"closed","template":"","meta":{"footnotes":""},"class_list":["post-153","page","type-page","status-publish","hentry"],"_links":{"self":[{"href":"https:\/\/herzberg-art.de\/index.php?rest_route=\/wp\/v2\/pages\/153","targetHints":{"allow":["GET"]}}],"collection":[{"href":"https:\/\/herzberg-art.de\/index.php?rest_route=\/wp\/v2\/pages"}],"about":[{"href":"https:\/\/herzberg-art.de\/index.php?rest_route=\/wp\/v2\/types\/page"}],"author":[{"embeddable":true,"href":"https:\/\/herzberg-art.de\/index.php?rest_route=\/wp\/v2\/users\/1"}],"replies":[{"embeddable":true,"href":"https:\/\/herzberg-art.de\/index.php?rest_route=%2Fwp%2Fv2%2Fcomments&post=153"}],"version-history":[{"count":7,"href":"https:\/\/herzberg-art.de\/index.php?rest_route=\/wp\/v2\/pages\/153\/revisions"}],"predecessor-version":[{"id":1045,"href":"https:\/\/herzberg-art.de\/index.php?rest_route=\/wp\/v2\/pages\/153\/revisions\/1045"}],"wp:attachment":[{"href":"https:\/\/herzberg-art.de\/index.php?rest_route=%2Fwp%2Fv2%2Fmedia&parent=153"}],"curies":[{"name":"wp","href":"https:\/\/api.w.org\/{rel}","templated":true}]}}